{"id":20,"date":"2023-02-27T15:23:42","date_gmt":"2023-02-27T15:23:42","guid":{"rendered":"http:\/\/www.castillomusic.es\/?page_id=20"},"modified":"2023-03-28T17:02:51","modified_gmt":"2023-03-28T17:02:51","slug":"password-reset","status":"publish","type":"page","link":"https:\/\/www.castillomusic.es\/?page_id=20","title":{"rendered":"Restablecer la contrase\u00f1a"},"content":{"rendered":"\n<div class=\"um um-password um-um_password_id\">\n\t<div class=\"um-form\">\n\t\t<form method=\"post\" action=\"\">\n\t\t\t\n\t\t\t\t<input type=\"hidden\" name=\"_um_password_reset\" id=\"_um_password_reset\" value=\"1\" \/>\n\n\t\t\t\t\t\t\t\t\t<div class=\"um-field um-field-block um-field-type_block\">\n\t\t\t\t\t\t<div class=\"um-field-block\">\n\t\t\t\t\t\t\t<div style=\"text-align:center;\">\n\t\t\t\t\t\t\t\tPara restablecer tu contrase\u00f1a, por favor, introduce a continuaci\u00f3n tu direcci\u00f3n de correo electr\u00f3nico o nombre de usuario.\t\t\t\t\t\t\t<\/div>\n\t\t\t\t\t\t<\/div>\n\t\t\t\t\t<\/div>\n\t\t\t\t<div  id=\"um_field_0_username_b\" class=\"um-field um-field-text  um-field-username_b um-field-text um-field-type_text\" data-key=\"username_b\"><div class=\"um-field-area\"><input  autocomplete=\"off\" class=\"um-form-field valid \" type=\"text\" name=\"username_b\" id=\"username_b\" value=\"\" placeholder=\"Introduce tu nombre de usuario o correo electr\u00f3nico\" data-validate=\"\" data-key=\"username_b\"  aria-invalid=\"false\" \/>\n\n\t\t\t\t\t\t<\/div><\/div>\n\t\t\t\t<div class=\"um-col-alt um-col-alt-b\">\n\n\t\t\t\t\t<div class=\"um-center\">\n\t\t\t\t\t\t<input type=\"submit\" value=\"Restablecer contrase\u00f1a\" class=\"um-button\" id=\"um-submit-btn\" \/>\n\t\t\t\t\t<\/div>\n\n\t\t\t\t\t<div class=\"um-clear\"><\/div>\n\n\t\t\t\t<\/div>\n\n\t\t\t\t\t\t<input type=\"hidden\" name=\"form_id\" id=\"form_id_um_password_id\" value=\"um_password_id\" \/>\n\t\n\t<p class=\"um_request_name\">\n\t\t<label for=\"um_request_um_password_id\">Only fill in if you are not human<\/label>\n\t\t<input type=\"hidden\" name=\"um_request\" id=\"um_request_um_password_id\" class=\"input\" value=\"\" size=\"25\" autocomplete=\"off\" \/>\n\t<\/p>\n\n\t\t\t<\/form>\n\t<\/div>\n<\/div>\n<style>\n\t\t\t.um-um_password_id.um {\n\t\t\tmax-width: 450px;\n\t\t}\n\t\t<\/style>\n\n","protected":false},"excerpt":{"rendered":"","protected":false},"author":1,"featured_media":0,"parent":0,"menu_order":0,"comment_status":"closed","ping_status":"closed","template":"","meta":{"footnotes":""},"class_list":["post-20","page","type-page","status-publish","hentry"],"yoast_head":"<!-- This site is optimized with the Yoast SEO plugin v21.5 - https:\/\/yoast.com\/wordpress\/plugins\/seo\/ -->\n<title>Castillo Music<\/title>\n<meta name=\"robots\" content=\"noindex, nofollow\" \/>\n<meta property=\"og:locale\" content=\"es_ES\" \/>\n<meta property=\"og:type\" content=\"article\" \/>\n<meta property=\"og:title\" content=\"Castillo Music\" \/>\n<meta property=\"og:url\" content=\"https:\/\/www.castillomusic.es\/?page_id=20\" \/>\n<meta property=\"og:site_name\" content=\"Castillo Music\" \/>\n<meta property=\"article:publisher\" content=\"https:\/\/www.facebook.com\/profile.php?id=100090715145355\" \/>\n<meta property=\"article:modified_time\" content=\"2023-03-28T17:02:51+00:00\" \/>\n<meta property=\"og:image\" content=\"https:\/\/www.castillomusic.es\/wp-content\/uploads\/2023\/02\/Logo.jpg\" \/>\n\t<meta property=\"og:image:width\" content=\"1600\" \/>\n\t<meta property=\"og:image:height\" content=\"720\" \/>\n\t<meta property=\"og:image:type\" content=\"image\/jpeg\" \/>\n<script type=\"application\/ld+json\" class=\"yoast-schema-graph\">{\"@context\":\"https:\/\/schema.org\",\"@graph\":[{\"@type\":\"WebPage\",\"@id\":\"https:\/\/www.castillomusic.es\/?page_id=20\",\"url\":\"https:\/\/www.castillomusic.es\/?page_id=20\",\"name\":\"Castillo Music\",\"isPartOf\":{\"@id\":\"https:\/\/www.castillomusic.es\/#website\"},\"datePublished\":\"2023-02-27T15:23:42+00:00\",\"dateModified\":\"2023-03-28T17:02:51+00:00\",\"inLanguage\":\"es\",\"potentialAction\":[{\"@type\":\"ReadAction\",\"target\":[\"https:\/\/www.castillomusic.es\/?page_id=20\"]}]},{\"@type\":\"WebSite\",\"@id\":\"https:\/\/www.castillomusic.es\/#website\",\"url\":\"https:\/\/www.castillomusic.es\/\",\"name\":\"Castillo Music\",\"description\":\"Servicios musicales a medida.\",\"publisher\":{\"@id\":\"https:\/\/www.castillomusic.es\/#organization\"},\"potentialAction\":[{\"@type\":\"SearchAction\",\"target\":{\"@type\":\"EntryPoint\",\"urlTemplate\":\"https:\/\/www.castillomusic.es\/?s={search_term_string}\"},\"query-input\":\"required name=search_term_string\"}],\"inLanguage\":\"es\"},{\"@type\":\"Organization\",\"@id\":\"https:\/\/www.castillomusic.es\/#organization\",\"name\":\"Castillo Music\",\"url\":\"https:\/\/www.castillomusic.es\/\",\"logo\":{\"@type\":\"ImageObject\",\"inLanguage\":\"es\",\"@id\":\"https:\/\/www.castillomusic.es\/#\/schema\/logo\/image\/\",\"url\":\"https:\/\/www.castillomusic.es\/wp-content\/uploads\/2023\/02\/CASTILLO-Logo-2-scaled.jpg\",\"contentUrl\":\"https:\/\/www.castillomusic.es\/wp-content\/uploads\/2023\/02\/CASTILLO-Logo-2-scaled.jpg\",\"width\":2560,\"height\":2560,\"caption\":\"Castillo Music\"},\"image\":{\"@id\":\"https:\/\/www.castillomusic.es\/#\/schema\/logo\/image\/\"},\"sameAs\":[\"https:\/\/www.facebook.com\/profile.php?id=100090715145355\"]}]}<\/script>\n<!-- \/ Yoast SEO plugin. -->","yoast_head_json":{"title":"Castillo Music","robots":{"index":"noindex","follow":"nofollow"},"og_locale":"es_ES","og_type":"article","og_title":"Castillo Music","og_url":"https:\/\/www.castillomusic.es\/?page_id=20","og_site_name":"Castillo Music","article_publisher":"https:\/\/www.facebook.com\/profile.php?id=100090715145355","article_modified_time":"2023-03-28T17:02:51+00:00","og_image":[{"width":1600,"height":720,"url":"https:\/\/www.castillomusic.es\/wp-content\/uploads\/2023\/02\/Logo.jpg","type":"image\/jpeg"}],"schema":{"@context":"https:\/\/schema.org","@graph":[{"@type":"WebPage","@id":"https:\/\/www.castillomusic.es\/?page_id=20","url":"https:\/\/www.castillomusic.es\/?page_id=20","name":"Castillo Music","isPartOf":{"@id":"https:\/\/www.castillomusic.es\/#website"},"datePublished":"2023-02-27T15:23:42+00:00","dateModified":"2023-03-28T17:02:51+00:00","inLanguage":"es","potentialAction":[{"@type":"ReadAction","target":["https:\/\/www.castillomusic.es\/?page_id=20"]}]},{"@type":"WebSite","@id":"https:\/\/www.castillomusic.es\/#website","url":"https:\/\/www.castillomusic.es\/","name":"Castillo Music","description":"Servicios musicales a medida.","publisher":{"@id":"https:\/\/www.castillomusic.es\/#organization"},"potentialAction":[{"@type":"SearchAction","target":{"@type":"EntryPoint","urlTemplate":"https:\/\/www.castillomusic.es\/?s={search_term_string}"},"query-input":"required name=search_term_string"}],"inLanguage":"es"},{"@type":"Organization","@id":"https:\/\/www.castillomusic.es\/#organization","name":"Castillo Music","url":"https:\/\/www.castillomusic.es\/","logo":{"@type":"ImageObject","inLanguage":"es","@id":"https:\/\/www.castillomusic.es\/#\/schema\/logo\/image\/","url":"https:\/\/www.castillomusic.es\/wp-content\/uploads\/2023\/02\/CASTILLO-Logo-2-scaled.jpg","contentUrl":"https:\/\/www.castillomusic.es\/wp-content\/uploads\/2023\/02\/CASTILLO-Logo-2-scaled.jpg","width":2560,"height":2560,"caption":"Castillo Music"},"image":{"@id":"https:\/\/www.castillomusic.es\/#\/schema\/logo\/image\/"},"sameAs":["https:\/\/www.facebook.com\/profile.php?id=100090715145355"]}]}},"_links":{"self":[{"href":"https:\/\/www.castillomusic.es\/index.php?rest_route=\/wp\/v2\/pages\/20","targetHints":{"allow":["GET"]}}],"collection":[{"href":"https:\/\/www.castillomusic.es\/index.php?rest_route=\/wp\/v2\/pages"}],"about":[{"href":"https:\/\/www.castillomusic.es\/index.php?rest_route=\/wp\/v2\/types\/page"}],"author":[{"embeddable":true,"href":"https:\/\/www.castillomusic.es\/index.php?rest_route=\/wp\/v2\/users\/1"}],"replies":[{"embeddable":true,"href":"https:\/\/www.castillomusic.es\/index.php?rest_route=%2Fwp%2Fv2%2Fcomments&post=20"}],"version-history":[{"count":1,"href":"https:\/\/www.castillomusic.es\/index.php?rest_route=\/wp\/v2\/pages\/20\/revisions"}],"predecessor-version":[{"id":401,"href":"https:\/\/www.castillomusic.es\/index.php?rest_route=\/wp\/v2\/pages\/20\/revisions\/401"}],"wp:attachment":[{"href":"https:\/\/www.castillomusic.es\/index.php?rest_route=%2Fwp%2Fv2%2Fmedia&parent=20"}],"curies":[{"name":"wp","href":"https:\/\/api.w.org\/{rel}","templated":true}]}}