{"id":437,"date":"2023-04-12T16:27:05","date_gmt":"2023-04-12T16:27:05","guid":{"rendered":"https:\/\/www.castillomusic.es\/?page_id=437"},"modified":"2023-04-12T16:51:31","modified_gmt":"2023-04-12T16:51:31","slug":"politica-de-privacidad","status":"publish","type":"page","link":"https:\/\/www.castillomusic.es\/?page_id=437","title":{"rendered":"Pol\u00edtica de privacidad"},"content":{"rendered":"\t\t<div data-elementor-type=\"wp-page\" data-elementor-id=\"437\" class=\"elementor elementor-437\" data-elementor-post-type=\"page\">\n\t\t\t\t\t\t\t\t\t<section class=\"elementor-section elementor-top-section elementor-element elementor-element-cca8575 elementor-section-boxed elementor-section-height-default elementor-section-height-default\" data-id=\"cca8575\" data-element_type=\"section\">\n\t\t\t\t\t\t<div class=\"elementor-container elementor-column-gap-default\">\n\t\t\t\t\t<div class=\"elementor-column elementor-col-100 elementor-top-column elementor-element elementor-element-8972303\" data-id=\"8972303\" data-element_type=\"column\">\n\t\t\t<div class=\"elementor-widget-wrap elementor-element-populated\">\n\t\t\t\t\t\t\t\t<div class=\"elementor-element elementor-element-cf654f5 elementor-widget elementor-widget-text-editor\" data-id=\"cf654f5\" data-element_type=\"widget\" data-widget_type=\"text-editor.default\">\n\t\t\t\t<div class=\"elementor-widget-container\">\n\t\t\t<style>\/*! elementor - v3.17.0 - 08-11-2023 *\/\n.elementor-widget-text-editor.elementor-drop-cap-view-stacked .elementor-drop-cap{background-color:#69727d;color:#fff}.elementor-widget-text-editor.elementor-drop-cap-view-framed .elementor-drop-cap{color:#69727d;border:3px solid;background-color:transparent}.elementor-widget-text-editor:not(.elementor-drop-cap-view-default) .elementor-drop-cap{margin-top:8px}.elementor-widget-text-editor:not(.elementor-drop-cap-view-default) .elementor-drop-cap-letter{width:1em;height:1em}.elementor-widget-text-editor .elementor-drop-cap{float:left;text-align:center;line-height:1;font-size:50px}.elementor-widget-text-editor .elementor-drop-cap-letter{display:inline-block}<\/style>\t\t\t\t<p class=\"MsoNormal\" align=\"center\" style=\"text-align:center\"><strong><span style=\"font-size:11.0pt;font-family:&quot;Calibri Light&quot;,sans-serif\">POL\u00cdTICA DE\nPRIVACIDAD<\/span><\/strong><span style=\"font-size:11.0pt;font-family:&quot;Calibri Light&quot;,sans-serif\"><o:p><\/o:p><\/span><\/p><p class=\"MsoNormal\"><strong><span style=\"font-size:11.0pt;font-family:&quot;Calibri Light&quot;,sans-serif\">&nbsp;<\/span><\/strong><\/p><p class=\"MsoNormal\"><strong><span style=\"font-size:11.0pt;font-family:&quot;Calibri Light&quot;,sans-serif\">1.\nINFORMACI\u00d3N AL USUARIO<\/span><\/strong><span style=\"font-size:11.0pt;font-family:\n&quot;Calibri Light&quot;,sans-serif\"><br>\n<br>\n<strong><span style=\"color: navy;\">\u00bfQui\u00e9n\nes el responsable del tratamiento de tus datos personales?<\/span><\/strong><o:p><\/o:p><\/span><\/p><p><span style=\"font-size:11.0pt;font-family:&quot;Calibri Light&quot;,sans-serif\">Sergio\nP\u00e9rez Castillo es el RESPONSABLE del tratamiento de los datos personales del\nUSUARIO y le informa de que estos datos ser\u00e1n tratados de conformidad con lo\ndispuesto en el Reglamento (UE) 2016\/679, de 27 de abril (GDPR), y la Ley\nOrg\u00e1nica 3\/2018, de 5 de diciembre (LOPDGDD).<o:p><\/o:p><\/span><\/p><p><strong><span style=\"font-size:11.0pt;font-family:&quot;Calibri Light&quot;,sans-serif;\ncolor:navy\">\u00bfPara qu\u00e9 tratamos tus datos personales?<\/span><\/strong><span style=\"font-size:11.0pt;font-family:&quot;Calibri Light&quot;,sans-serif\"><o:p><\/o:p><\/span><\/p><p><span style=\"font-size:11.0pt;font-family:&quot;Calibri Light&quot;,sans-serif\">Para\nmantener una relaci\u00f3n comercial con el usuario. Las operaciones previstas para\nrealizar el tratamiento son:<o:p><\/o:p><\/span><\/p><ul type=\"disc\">\n <li class=\"MsoNormal\"><span style=\"font-size:\n     11.0pt;font-family:&quot;Calibri Light&quot;,sans-serif\">Remisi\u00f3n de comunicaciones\n     comerciales publicitarias por e-mail, fax, SMS, MMS, redes sociales o cualquier\n     otro medio electr\u00f3nico o f\u00edsico, presente o futuro, que posibilite\n     realizar comunicaciones comerciales. Estas comunicaciones ser\u00e1n realizadas\n     por el RESPONSABLE y estar\u00e1n relacionadas con sus productos y servicios, o\n     de sus colaboradores o proveedores, con los que este haya alcanzado alg\u00fan\n     acuerdo de promoci\u00f3n. En este caso, los terceros nunca tendr\u00e1n acceso a\n     los datos personales. <o:p><\/o:p><\/span><\/li>\n <li class=\"MsoNormal\"><span style=\"font-size:\n     11.0pt;font-family:&quot;Calibri Light&quot;,sans-serif\">Realizar estudios de\n     mercado y an\u00e1lisis estad\u00edsticos. <o:p><\/o:p><\/span><\/li>\n <li class=\"MsoNormal\"><span style=\"font-size:\n     11.0pt;font-family:&quot;Calibri Light&quot;,sans-serif\">Tramitar encargos,\n     solicitudes, dar respuesta a las consultas o cualquier tipo de petici\u00f3n\n     que sea realizada por el USUARIO a trav\u00e9s de cualquiera de las formas de\n     contacto que se ponen a su disposici\u00f3n en la p\u00e1gina web del RESPONSABLE.<o:p><\/o:p><\/span><\/li>\n <li class=\"MsoNormal\"><span style=\"font-size:\n     11.0pt;font-family:&quot;Calibri Light&quot;,sans-serif\">Remitir el bolet\u00edn\n     informativo online, sobre novedades, ofertas y promociones en nuestra\n     actividad<strong>.<\/strong><strong><span style=\"font-weight: normal;\"><o:p><\/o:p><\/span><\/strong><\/span><\/li>\n <li class=\"MsoNormal\"><strong><span style=\"font-size:11.0pt;font-family:&quot;Calibri Light&quot;,sans-serif;font-weight:\n     normal\">Tramitar su registro en nuestra web.<\/span><\/strong><b><span style=\"font-size:11.0pt;font-family:&quot;Calibri Light&quot;,sans-serif\"><o:p><\/o:p><\/span><\/b><\/li>\n<\/ul><p><strong><span style=\"font-size:11.0pt;font-family:&quot;Calibri Light&quot;,sans-serif;\ncolor:navy\">\u00bfPor qu\u00e9 motivo podemos tratar tus datos personales?<o:p><\/o:p><\/span><\/strong><\/p><p><span style=\"font-size:11.0pt;font-family:&quot;Calibri Light&quot;,sans-serif\">Porque\nel tratamiento est\u00e1 legitimado por el art\u00edculo 6 del GDPR de la siguiente\nforma:<o:p><\/o:p><\/span><\/p><ul type=\"disc\">\n <li class=\"MsoNormal\"><span style=\"font-size:\n     11.0pt;font-family:&quot;Calibri Light&quot;,sans-serif\">Con el consentimiento del\n     USUARIO: remisi\u00f3n de comunicaciones comerciales y del bolet\u00edn informativo.\n     <o:p><\/o:p><\/span><\/li>\n <li class=\"MsoNormal\"><span style=\"font-size:\n     11.0pt;font-family:&quot;Calibri Light&quot;,sans-serif\">Por inter\u00e9s leg\u00edtimo del\n     RESPONSABLE: realizar estudios de mercado, an\u00e1lisis estad\u00edsticos, etc. y\n     tramitar encargos, solicitudes, etc. a petici\u00f3n del USUARIO.<o:p><\/o:p><\/span><\/li>\n<\/ul><p class=\"MsoNormal\"><strong><span style=\"font-size:11.0pt;font-family:&quot;Calibri Light&quot;,sans-serif;\ncolor:navy\">\u00bfDurante cu\u00e1nto tiempo guardaremos tus datos personales?<\/span><\/strong><span style=\"font-size:11.0pt;font-family:&quot;Calibri Light&quot;,sans-serif\"><o:p><\/o:p><\/span><\/p><p><span style=\"font-size:11.0pt;font-family:&quot;Calibri Light&quot;,sans-serif\">Se\nconservar\u00e1n durante no m\u00e1s tiempo del necesario para mantener el fin del\ntratamiento o existan prescripciones legales que dictaminen su custodia y\ncuando ya no sea necesario para ello, se suprimir\u00e1n con medidas de seguridad\nadecuadas para garantizar la anonimizaci\u00f3n de los datos o la destrucci\u00f3n total\nde los mismos. <o:p><\/o:p><\/span><\/p><p><strong><span style=\"font-size:11.0pt;font-family:&quot;Calibri Light&quot;,sans-serif;\ncolor:navy\">\u00bfA qui\u00e9n facilitamos tus datos personales?<o:p><\/o:p><\/span><\/strong><\/p><p><span style=\"font-size:11.0pt;font-family:&quot;Calibri Light&quot;,sans-serif\">No\nest\u00e1 prevista ninguna comunicaci\u00f3n de datos personales a terceros salvo, si\nfuese necesario para el desarrollo y ejecuci\u00f3n de las finalidades del\ntratamiento, a nuestros proveedores de servicios relacionados con\ncomunicaciones, con los cuales el RESPONSABLE tiene suscritos los contratos de\nconfidencialidad y de encargado de tratamiento exigidos por la normativa\nvigente de privacidad.<o:p><\/o:p><\/span><\/p><p><strong><span style=\"font-size:11.0pt;font-family:&quot;Calibri Light&quot;,sans-serif;\ncolor:navy\">\u00bfCu\u00e1les son tus derechos?<\/span><\/strong><span style=\"font-size:\n11.0pt;font-family:&quot;Calibri Light&quot;,sans-serif\"><o:p><\/o:p><\/span><\/p><p><span style=\"font-size:11.0pt;font-family:&quot;Calibri Light&quot;,sans-serif\">Los\nderechos que asisten al USUARIO son:<o:p><\/o:p><\/span><\/p><ul type=\"disc\">\n <li class=\"MsoNormal\"><span style=\"font-size:\n     11.0pt;font-family:&quot;Calibri Light&quot;,sans-serif\">Derecho a retirar el\n     consentimiento en cualquier momento.<o:p><\/o:p><\/span><\/li>\n <li class=\"MsoNormal\"><span style=\"font-size:\n     11.0pt;font-family:&quot;Calibri Light&quot;,sans-serif\">Derecho de acceso,\n     rectificaci\u00f3n, portabilidad y supresi\u00f3n de sus datos, y de limitaci\u00f3n u\n     oposici\u00f3n a su tratamiento.<o:p><\/o:p><\/span><\/li>\n <li class=\"MsoNormal\"><span style=\"font-size:\n     11.0pt;font-family:&quot;Calibri Light&quot;,sans-serif\">Derecho a presentar una\n     reclamaci\u00f3n ante la autoridad de control (www.aepd.es) si considera que el\n     tratamiento no se ajusta a la normativa vigente.<o:p><\/o:p><\/span><\/li>\n<\/ul><p><strong><span style=\"font-size:11.0pt;font-family:&quot;Calibri Light&quot;,sans-serif\">Datos\nde contacto para ejercer sus derechos<\/span><\/strong><span style=\"font-size:\n11.0pt;font-family:&quot;Calibri Light&quot;,sans-serif\">:<o:p><\/o:p><\/span><\/p><p style=\"margin:0cm\"><span style=\"font-size:11.0pt;font-family:&quot;Calibri Light&quot;,sans-serif\">Sergio\nP\u00e9rez Castillo. Calle Palma de Mallorca, 3. 10-D. 35016 &#8211; Las Palmas de Gran\nCanaria.<o:p><\/o:p><\/span><\/p><p><strong><span style=\"font-size:11.0pt;font-family:&quot;Calibri Light&quot;,sans-serif\">2.\nCAR\u00c1CTER OBLIGATORIO O FACULTATIVO DE LA INFORMACI\u00d3N FACILITADA POR EL USUARIO<\/span><\/strong><span style=\"font-size:11.0pt;font-family:&quot;Calibri Light&quot;,sans-serif\"><o:p><\/o:p><\/span><\/p><p class=\"MsoNormal\"><span style=\"font-size:11.0pt;font-family:&quot;Calibri Light&quot;,sans-serif\">Los\nUSUARIOS, mediante la marcaci\u00f3n de las casillas correspondientes y la entrada\nde datos en los campos, marcados con un asterisco (*) en el formulario de\ncontacto o presentados en formularios de descarga, aceptan expresamente y de\nforma libre e inequ\u00edvoca, que sus datos son necesarios para atender su\npetici\u00f3n, por parte del prestador, siendo voluntaria la inclusi\u00f3n de datos en\nlos campos restantes. El USUARIO garantiza que los datos personales facilitados\nal RESPONSABLE son veraces y se hace responsable de comunicar cualquier\nmodificaci\u00f3n de los mismos.<o:p><\/o:p><\/span><\/p><p class=\"MsoNormal\"><span style=\"font-size:11.0pt;font-family:&quot;Calibri Light&quot;,sans-serif\">&nbsp;<\/span><\/p><p class=\"MsoNormal\"><span style=\"font-size:11.0pt;font-family:&quot;Calibri Light&quot;,sans-serif\">El\nRESPONSABLE informa de que todos los datos solicitados a trav\u00e9s del sitio web\nson obligatorios, ya que son necesarios para la prestaci\u00f3n de un servicio\n\u00f3ptimo al USUARIO. En caso de que no se faciliten todos los datos, no se\ngarantiza que la informaci\u00f3n y servicios facilitados sean completamente\najustados a sus necesidades.<o:p><\/o:p><\/span><\/p><p class=\"MsoNormal\"><span style=\"font-size:11.0pt;font-family:&quot;Calibri Light&quot;,sans-serif\"><br>\n<strong>3. MEDIDAS DE SEGURIDAD<\/strong><o:p><\/o:p><\/span><\/p><p class=\"MsoNormal\"><span style=\"font-size:11.0pt;font-family:&quot;Calibri Light&quot;,sans-serif\"><br>\nQue de conformidad con lo dispuesto en las normativas vigentes en protecci\u00f3n de\ndatos personales, el RESPONSABLE est\u00e1 cumpliendo con todas las disposiciones de\nlas normativas GDPR y LOPDGDD para el tratamiento de los datos personales de su\nresponsabilidad, y manifiestamente con los principios descritos en el art\u00edculo\n5 del GDPR, por los cuales son tratados de manera l\u00edcita, leal y transparente\nen relaci\u00f3n con el interesado y adecuados, pertinentes y limitados a lo\nnecesario en relaci\u00f3n con los fines para los que son tratados.<o:p><\/o:p><\/span><\/p><p><span style=\"font-size:11.0pt;font-family:&quot;Calibri Light&quot;,sans-serif\">El\nRESPONSABLE garantiza que ha implementado pol\u00edticas t\u00e9cnicas y organizativas\napropiadas para aplicar las medidas de seguridad que establecen el GDPR y la\nLOPDGDD con el fin de proteger los derechos y libertades de los USUARIOS y les\nha comunicado la informaci\u00f3n adecuada para que puedan ejercerlos.<o:p><\/o:p><\/span><\/p><p>\n\n\n\n\n\n\n\n\n\n\n\n\n\n\n\n\n\n\n\n\n\n\n\n\n\n\n\n\n\n\n\n\n\n\n\n\n\n\n\n\n\n\n\n\n\n\n\n\n\n\n\n<\/p><p style=\"margin:0cm\"><span style=\"font-size:11.0pt;font-family:&quot;Calibri Light&quot;,sans-serif\">Para\nm\u00e1s informaci\u00f3n sobre las garant\u00edas de privacidad, puedes dirigirte <span style=\"color:black\">al<b> <\/b><\/span>RESPONSABLE a trav\u00e9s de los datos de\ncontacto facilitados en esta pol\u00edtica de privacidad.<o:p><\/o:p><\/span><\/p>\t\t\t\t\t\t<\/div>\n\t\t\t\t<\/div>\n\t\t\t\t\t<\/div>\n\t\t<\/div>\n\t\t\t\t\t\t\t<\/div>\n\t\t<\/section>\n\t\t\t\t\t\t\t<\/div>\n\t\t","protected":false},"excerpt":{"rendered":"<p>POL\u00cdTICA DE PRIVACIDAD &nbsp; 1. INFORMACI\u00d3N AL USUARIO \u00bfQui\u00e9n es el responsable del tratamiento de tus datos personales? Sergio P\u00e9rez Castillo es el RESPONSABLE del tratamiento de los datos personales del USUARIO y le informa de que estos datos ser\u00e1n tratados de conformidad con lo dispuesto en el Reglamento (UE) 2016\/679, de 27 de abril [&hellip;]<\/p>\n","protected":false},"author":1,"featured_media":0,"parent":0,"menu_order":0,"comment_status":"closed","ping_status":"closed","template":"","meta":{"footnotes":""},"class_list":["post-437","page","type-page","status-publish","hentry"],"yoast_head":"<!-- This site is optimized with the Yoast SEO plugin v21.5 - https:\/\/yoast.com\/wordpress\/plugins\/seo\/ -->\n<title>Castillo Music<\/title>\n<meta name=\"robots\" content=\"noindex, nofollow\" \/>\n<meta property=\"og:locale\" content=\"es_ES\" \/>\n<meta property=\"og:type\" content=\"article\" \/>\n<meta property=\"og:title\" content=\"Castillo Music\" \/>\n<meta property=\"og:description\" content=\"POL\u00cdTICA DE PRIVACIDAD &nbsp; 1. INFORMACI\u00d3N AL USUARIO \u00bfQui\u00e9n es el responsable del tratamiento de tus datos personales? Sergio P\u00e9rez Castillo es el RESPONSABLE del tratamiento de los datos personales del USUARIO y le informa de que estos datos ser\u00e1n tratados de conformidad con lo dispuesto en el Reglamento (UE) 2016\/679, de 27 de abril [&hellip;]\" \/>\n<meta property=\"og:url\" content=\"https:\/\/www.castillomusic.es\/?page_id=437\" \/>\n<meta property=\"og:site_name\" content=\"Castillo Music\" \/>\n<meta property=\"article:publisher\" content=\"https:\/\/www.facebook.com\/profile.php?id=100090715145355\" \/>\n<meta property=\"article:modified_time\" content=\"2023-04-12T16:51:31+00:00\" \/>\n<meta property=\"og:image\" content=\"https:\/\/www.castillomusic.es\/wp-content\/uploads\/2023\/02\/Logo.jpg\" \/>\n\t<meta property=\"og:image:width\" content=\"1600\" \/>\n\t<meta property=\"og:image:height\" content=\"720\" \/>\n\t<meta property=\"og:image:type\" content=\"image\/jpeg\" \/>\n<script type=\"application\/ld+json\" class=\"yoast-schema-graph\">{\"@context\":\"https:\/\/schema.org\",\"@graph\":[{\"@type\":\"WebPage\",\"@id\":\"https:\/\/www.castillomusic.es\/?page_id=437\",\"url\":\"https:\/\/www.castillomusic.es\/?page_id=437\",\"name\":\"Castillo Music\",\"isPartOf\":{\"@id\":\"https:\/\/www.castillomusic.es\/#website\"},\"datePublished\":\"2023-04-12T16:27:05+00:00\",\"dateModified\":\"2023-04-12T16:51:31+00:00\",\"inLanguage\":\"es\",\"potentialAction\":[{\"@type\":\"ReadAction\",\"target\":[\"https:\/\/www.castillomusic.es\/?page_id=437\"]}]},{\"@type\":\"WebSite\",\"@id\":\"https:\/\/www.castillomusic.es\/#website\",\"url\":\"https:\/\/www.castillomusic.es\/\",\"name\":\"Castillo Music\",\"description\":\"Servicios musicales a medida.\",\"publisher\":{\"@id\":\"https:\/\/www.castillomusic.es\/#organization\"},\"potentialAction\":[{\"@type\":\"SearchAction\",\"target\":{\"@type\":\"EntryPoint\",\"urlTemplate\":\"https:\/\/www.castillomusic.es\/?s={search_term_string}\"},\"query-input\":\"required name=search_term_string\"}],\"inLanguage\":\"es\"},{\"@type\":\"Organization\",\"@id\":\"https:\/\/www.castillomusic.es\/#organization\",\"name\":\"Castillo Music\",\"url\":\"https:\/\/www.castillomusic.es\/\",\"logo\":{\"@type\":\"ImageObject\",\"inLanguage\":\"es\",\"@id\":\"https:\/\/www.castillomusic.es\/#\/schema\/logo\/image\/\",\"url\":\"https:\/\/www.castillomusic.es\/wp-content\/uploads\/2023\/02\/CASTILLO-Logo-2-scaled.jpg\",\"contentUrl\":\"https:\/\/www.castillomusic.es\/wp-content\/uploads\/2023\/02\/CASTILLO-Logo-2-scaled.jpg\",\"width\":2560,\"height\":2560,\"caption\":\"Castillo Music\"},\"image\":{\"@id\":\"https:\/\/www.castillomusic.es\/#\/schema\/logo\/image\/\"},\"sameAs\":[\"https:\/\/www.facebook.com\/profile.php?id=100090715145355\"]}]}<\/script>\n<!-- \/ Yoast SEO plugin. -->","yoast_head_json":{"title":"Castillo Music","robots":{"index":"noindex","follow":"nofollow"},"og_locale":"es_ES","og_type":"article","og_title":"Castillo Music","og_description":"POL\u00cdTICA DE PRIVACIDAD &nbsp; 1. INFORMACI\u00d3N AL USUARIO \u00bfQui\u00e9n es el responsable del tratamiento de tus datos personales? Sergio P\u00e9rez Castillo es el RESPONSABLE del tratamiento de los datos personales del USUARIO y le informa de que estos datos ser\u00e1n tratados de conformidad con lo dispuesto en el Reglamento (UE) 2016\/679, de 27 de abril [&hellip;]","og_url":"https:\/\/www.castillomusic.es\/?page_id=437","og_site_name":"Castillo Music","article_publisher":"https:\/\/www.facebook.com\/profile.php?id=100090715145355","article_modified_time":"2023-04-12T16:51:31+00:00","og_image":[{"width":1600,"height":720,"url":"https:\/\/www.castillomusic.es\/wp-content\/uploads\/2023\/02\/Logo.jpg","type":"image\/jpeg"}],"schema":{"@context":"https:\/\/schema.org","@graph":[{"@type":"WebPage","@id":"https:\/\/www.castillomusic.es\/?page_id=437","url":"https:\/\/www.castillomusic.es\/?page_id=437","name":"Castillo Music","isPartOf":{"@id":"https:\/\/www.castillomusic.es\/#website"},"datePublished":"2023-04-12T16:27:05+00:00","dateModified":"2023-04-12T16:51:31+00:00","inLanguage":"es","potentialAction":[{"@type":"ReadAction","target":["https:\/\/www.castillomusic.es\/?page_id=437"]}]},{"@type":"WebSite","@id":"https:\/\/www.castillomusic.es\/#website","url":"https:\/\/www.castillomusic.es\/","name":"Castillo Music","description":"Servicios musicales a medida.","publisher":{"@id":"https:\/\/www.castillomusic.es\/#organization"},"potentialAction":[{"@type":"SearchAction","target":{"@type":"EntryPoint","urlTemplate":"https:\/\/www.castillomusic.es\/?s={search_term_string}"},"query-input":"required name=search_term_string"}],"inLanguage":"es"},{"@type":"Organization","@id":"https:\/\/www.castillomusic.es\/#organization","name":"Castillo Music","url":"https:\/\/www.castillomusic.es\/","logo":{"@type":"ImageObject","inLanguage":"es","@id":"https:\/\/www.castillomusic.es\/#\/schema\/logo\/image\/","url":"https:\/\/www.castillomusic.es\/wp-content\/uploads\/2023\/02\/CASTILLO-Logo-2-scaled.jpg","contentUrl":"https:\/\/www.castillomusic.es\/wp-content\/uploads\/2023\/02\/CASTILLO-Logo-2-scaled.jpg","width":2560,"height":2560,"caption":"Castillo Music"},"image":{"@id":"https:\/\/www.castillomusic.es\/#\/schema\/logo\/image\/"},"sameAs":["https:\/\/www.facebook.com\/profile.php?id=100090715145355"]}]}},"_links":{"self":[{"href":"https:\/\/www.castillomusic.es\/index.php?rest_route=\/wp\/v2\/pages\/437","targetHints":{"allow":["GET"]}}],"collection":[{"href":"https:\/\/www.castillomusic.es\/index.php?rest_route=\/wp\/v2\/pages"}],"about":[{"href":"https:\/\/www.castillomusic.es\/index.php?rest_route=\/wp\/v2\/types\/page"}],"author":[{"embeddable":true,"href":"https:\/\/www.castillomusic.es\/index.php?rest_route=\/wp\/v2\/users\/1"}],"replies":[{"embeddable":true,"href":"https:\/\/www.castillomusic.es\/index.php?rest_route=%2Fwp%2Fv2%2Fcomments&post=437"}],"version-history":[{"count":7,"href":"https:\/\/www.castillomusic.es\/index.php?rest_route=\/wp\/v2\/pages\/437\/revisions"}],"predecessor-version":[{"id":456,"href":"https:\/\/www.castillomusic.es\/index.php?rest_route=\/wp\/v2\/pages\/437\/revisions\/456"}],"wp:attachment":[{"href":"https:\/\/www.castillomusic.es\/index.php?rest_route=%2Fwp%2Fv2%2Fmedia&parent=437"}],"curies":[{"name":"wp","href":"https:\/\/api.w.org\/{rel}","templated":true}]}}