{"id":449,"date":"2023-04-12T16:39:54","date_gmt":"2023-04-12T16:39:54","guid":{"rendered":"https:\/\/www.castillomusic.es\/?page_id=449"},"modified":"2023-04-12T16:39:54","modified_gmt":"2023-04-12T16:39:54","slug":"personalizar-cookies","status":"publish","type":"page","link":"https:\/\/www.castillomusic.es\/?page_id=449","title":{"rendered":"Personalizar Cookies"},"content":{"rendered":"\n<div>\n      <div id=\"custom-cookies-eu-label\">\n          El sitio Web https:\/\/www.castillomusic.es utiliza cookies propias y de terceros para su correcto funcionamiento y para fines anal\u00edticos. Al hacer clic en el bot\u00f3n Aceptar, acepta el uso de estas tecnolog\u00edas y el procesamiento de sus datos para estos prop\u00f3sitos.          \n\n      <\/div>\n\n      <div id=\"custom-cookies-eu-buttons\" class=\"cookies-eu-buttons\">\n        <button id=\"custom-cookies-eu-reject\" class=\"cookies-eu-reject\">Rechazar<\/button>\n        <button id=\"custom-cookies-eu-accept\" class=\"cookies-eu-accept\">ACEPTAR TODAS LAS COOKIES<\/button><\/div>\n      <\/div>\n\n<br\/>\n<p>\n\tPuedes cambiar tus preferencias de cookies en cualquier momento si vuelves a la p\u00e1gina de Personalizar cookies, a la que puedes acceder a trav\u00e9s del Aviso de cookies. \n<\/p>\n\n<h3>Cookies t\u00e9cnicas<\/h3>\n<p>\n\tSon aquellas que permiten a los usuarios registrados navegar a trav\u00e9s del sitio Web, del \u00e1rea restringida y a utilizar sus diferentes funciones, como por ejemplo, el sistema de comentarios o el buscador y no pueden ser desactivadas.\n<\/p>\n\n<div class=\"custom-cookies-option\">\n  <h3>Cookies de an\u00e1lisis o medici\u00f3n<\/h3>\n  <span>\n    <input type=\"radio\" name=\"cookies-analytics-option\" value=\"true\" class=\"custom-cookies-radio\" data-consent=\"ANLTCS\" id=\"custom-cookies-accept-analytics\" >\n    <label for=\"custom-cookies-accept-analytics\">Activar<\/label>\n    &nbsp;&nbsp;\n    <input type=\"radio\" name=\"cookies-analytics-option\" value=\"false\" class=\"custom-cookies-radio\" data-consent=\"ANLTCS\" id=\"custom-cookies-reject-analytics\" \n    checked>\n    <label for=\"custom-cookies-reject-analytics\">Desactivar<\/label>\n<\/span>\n<\/div>\n\n<p>\n\tSon aquellas que, bien tratadas por el sitio Web o por terceros, permiten cuantificar el n\u00famero de usuarios y as\u00ed realizar la medici\u00f3n y an\u00e1lisis estad\u00edstico de la utilizaci\u00f3n que hacen los usuarios del sitio Web. Para ello se analiza la navegaci\u00f3n que realizas en este sitio Web con el fin de mejorarlo.\n<\/p>\n\n<div class=\"custom-cookies-option\">\n  <h3>Cookies sociales<\/h3>\n  <span>\n    <input type=\"radio\" name=\"cookies-social-option\" value=\"true\" class=\"custom-cookies-radio\" data-consent=\"SCLS\" id=\"custom-cookies-accept-social\" \n    >\n    <label for=\"custom-cookies-accept-social\">Activar<\/label>\n    &nbsp;&nbsp;\n    <input type=\"radio\" name=\"cookies-social-option\" value=\"false\" class=\"custom-cookies-radio\" data-consent=\"SCLS\" id=\"custom-cookies-reject-social\" \n    checked>\n    <label for=\"custom-cookies-reject-social\">Desactivar<\/label>\n<\/span>\n<\/div>\n\n<p>\n  Son establecidas por las plataformas de redes sociales para permitir a los usuarios compartir contenido con sus amigos y redes.  \n<\/p>\n\n","protected":false},"excerpt":{"rendered":"<p>El sitio Web https:\/\/www.castillomusic.es utiliza cookies propias y de terceros para su correcto funcionamiento y para fines anal\u00edticos. Al hacer clic en el bot\u00f3n Aceptar, acepta el uso de estas tecnolog\u00edas y el procesamiento de sus datos para estos prop\u00f3sitos. Rechazar ACEPTAR TODAS LAS COOKIES Puedes cambiar tus preferencias de cookies en cualquier momento si [&hellip;]<\/p>\n","protected":false},"author":1,"featured_media":0,"parent":0,"menu_order":0,"comment_status":"closed","ping_status":"closed","template":"","meta":{"footnotes":""},"class_list":["post-449","page","type-page","status-publish","hentry"],"yoast_head":"<!-- This site is optimized with the Yoast SEO plugin v21.5 - https:\/\/yoast.com\/wordpress\/plugins\/seo\/ -->\n<title>Castillo Music<\/title>\n<meta name=\"robots\" content=\"index, follow, max-snippet:-1, max-image-preview:large, max-video-preview:-1\" \/>\n<link rel=\"canonical\" href=\"https:\/\/www.castillomusic.es\/?page_id=449\" \/>\n<meta property=\"og:locale\" content=\"es_ES\" \/>\n<meta property=\"og:type\" content=\"article\" \/>\n<meta property=\"og:title\" content=\"Castillo Music\" \/>\n<meta property=\"og:description\" content=\"El sitio Web https:\/\/www.castillomusic.es utiliza cookies propias y de terceros para su correcto funcionamiento y para fines anal\u00edticos. Al hacer clic en el bot\u00f3n Aceptar, acepta el uso de estas tecnolog\u00edas y el procesamiento de sus datos para estos prop\u00f3sitos. Rechazar ACEPTAR TODAS LAS COOKIES Puedes cambiar tus preferencias de cookies en cualquier momento si [&hellip;]\" \/>\n<meta property=\"og:url\" content=\"https:\/\/www.castillomusic.es\/?page_id=449\" \/>\n<meta property=\"og:site_name\" content=\"Castillo Music\" \/>\n<meta property=\"article:publisher\" content=\"https:\/\/www.facebook.com\/profile.php?id=100090715145355\" \/>\n<meta property=\"og:image\" content=\"https:\/\/www.castillomusic.es\/wp-content\/uploads\/2023\/02\/Logo.jpg\" \/>\n\t<meta property=\"og:image:width\" content=\"1600\" \/>\n\t<meta property=\"og:image:height\" content=\"720\" \/>\n\t<meta property=\"og:image:type\" content=\"image\/jpeg\" \/>\n<script type=\"application\/ld+json\" class=\"yoast-schema-graph\">{\"@context\":\"https:\/\/schema.org\",\"@graph\":[{\"@type\":\"WebPage\",\"@id\":\"https:\/\/www.castillomusic.es\/?page_id=449\",\"url\":\"https:\/\/www.castillomusic.es\/?page_id=449\",\"name\":\"Castillo Music\",\"isPartOf\":{\"@id\":\"https:\/\/www.castillomusic.es\/#website\"},\"datePublished\":\"2023-04-12T16:39:54+00:00\",\"dateModified\":\"2023-04-12T16:39:54+00:00\",\"inLanguage\":\"es\",\"potentialAction\":[{\"@type\":\"ReadAction\",\"target\":[\"https:\/\/www.castillomusic.es\/?page_id=449\"]}]},{\"@type\":\"WebSite\",\"@id\":\"https:\/\/www.castillomusic.es\/#website\",\"url\":\"https:\/\/www.castillomusic.es\/\",\"name\":\"Castillo Music\",\"description\":\"Servicios musicales a medida.\",\"publisher\":{\"@id\":\"https:\/\/www.castillomusic.es\/#organization\"},\"potentialAction\":[{\"@type\":\"SearchAction\",\"target\":{\"@type\":\"EntryPoint\",\"urlTemplate\":\"https:\/\/www.castillomusic.es\/?s={search_term_string}\"},\"query-input\":\"required name=search_term_string\"}],\"inLanguage\":\"es\"},{\"@type\":\"Organization\",\"@id\":\"https:\/\/www.castillomusic.es\/#organization\",\"name\":\"Castillo Music\",\"url\":\"https:\/\/www.castillomusic.es\/\",\"logo\":{\"@type\":\"ImageObject\",\"inLanguage\":\"es\",\"@id\":\"https:\/\/www.castillomusic.es\/#\/schema\/logo\/image\/\",\"url\":\"https:\/\/www.castillomusic.es\/wp-content\/uploads\/2023\/02\/CASTILLO-Logo-2-scaled.jpg\",\"contentUrl\":\"https:\/\/www.castillomusic.es\/wp-content\/uploads\/2023\/02\/CASTILLO-Logo-2-scaled.jpg\",\"width\":2560,\"height\":2560,\"caption\":\"Castillo Music\"},\"image\":{\"@id\":\"https:\/\/www.castillomusic.es\/#\/schema\/logo\/image\/\"},\"sameAs\":[\"https:\/\/www.facebook.com\/profile.php?id=100090715145355\"]}]}<\/script>\n<!-- \/ Yoast SEO plugin. -->","yoast_head_json":{"title":"Castillo Music","robots":{"index":"index","follow":"follow","max-snippet":"max-snippet:-1","max-image-preview":"max-image-preview:large","max-video-preview":"max-video-preview:-1"},"canonical":"https:\/\/www.castillomusic.es\/?page_id=449","og_locale":"es_ES","og_type":"article","og_title":"Castillo Music","og_description":"El sitio Web https:\/\/www.castillomusic.es utiliza cookies propias y de terceros para su correcto funcionamiento y para fines anal\u00edticos. Al hacer clic en el bot\u00f3n Aceptar, acepta el uso de estas tecnolog\u00edas y el procesamiento de sus datos para estos prop\u00f3sitos. Rechazar ACEPTAR TODAS LAS COOKIES Puedes cambiar tus preferencias de cookies en cualquier momento si [&hellip;]","og_url":"https:\/\/www.castillomusic.es\/?page_id=449","og_site_name":"Castillo Music","article_publisher":"https:\/\/www.facebook.com\/profile.php?id=100090715145355","og_image":[{"width":1600,"height":720,"url":"https:\/\/www.castillomusic.es\/wp-content\/uploads\/2023\/02\/Logo.jpg","type":"image\/jpeg"}],"schema":{"@context":"https:\/\/schema.org","@graph":[{"@type":"WebPage","@id":"https:\/\/www.castillomusic.es\/?page_id=449","url":"https:\/\/www.castillomusic.es\/?page_id=449","name":"Castillo Music","isPartOf":{"@id":"https:\/\/www.castillomusic.es\/#website"},"datePublished":"2023-04-12T16:39:54+00:00","dateModified":"2023-04-12T16:39:54+00:00","inLanguage":"es","potentialAction":[{"@type":"ReadAction","target":["https:\/\/www.castillomusic.es\/?page_id=449"]}]},{"@type":"WebSite","@id":"https:\/\/www.castillomusic.es\/#website","url":"https:\/\/www.castillomusic.es\/","name":"Castillo Music","description":"Servicios musicales a medida.","publisher":{"@id":"https:\/\/www.castillomusic.es\/#organization"},"potentialAction":[{"@type":"SearchAction","target":{"@type":"EntryPoint","urlTemplate":"https:\/\/www.castillomusic.es\/?s={search_term_string}"},"query-input":"required name=search_term_string"}],"inLanguage":"es"},{"@type":"Organization","@id":"https:\/\/www.castillomusic.es\/#organization","name":"Castillo Music","url":"https:\/\/www.castillomusic.es\/","logo":{"@type":"ImageObject","inLanguage":"es","@id":"https:\/\/www.castillomusic.es\/#\/schema\/logo\/image\/","url":"https:\/\/www.castillomusic.es\/wp-content\/uploads\/2023\/02\/CASTILLO-Logo-2-scaled.jpg","contentUrl":"https:\/\/www.castillomusic.es\/wp-content\/uploads\/2023\/02\/CASTILLO-Logo-2-scaled.jpg","width":2560,"height":2560,"caption":"Castillo Music"},"image":{"@id":"https:\/\/www.castillomusic.es\/#\/schema\/logo\/image\/"},"sameAs":["https:\/\/www.facebook.com\/profile.php?id=100090715145355"]}]}},"_links":{"self":[{"href":"https:\/\/www.castillomusic.es\/index.php?rest_route=\/wp\/v2\/pages\/449","targetHints":{"allow":["GET"]}}],"collection":[{"href":"https:\/\/www.castillomusic.es\/index.php?rest_route=\/wp\/v2\/pages"}],"about":[{"href":"https:\/\/www.castillomusic.es\/index.php?rest_route=\/wp\/v2\/types\/page"}],"author":[{"embeddable":true,"href":"https:\/\/www.castillomusic.es\/index.php?rest_route=\/wp\/v2\/users\/1"}],"replies":[{"embeddable":true,"href":"https:\/\/www.castillomusic.es\/index.php?rest_route=%2Fwp%2Fv2%2Fcomments&post=449"}],"version-history":[{"count":0,"href":"https:\/\/www.castillomusic.es\/index.php?rest_route=\/wp\/v2\/pages\/449\/revisions"}],"wp:attachment":[{"href":"https:\/\/www.castillomusic.es\/index.php?rest_route=%2Fwp%2Fv2%2Fmedia&parent=449"}],"curies":[{"name":"wp","href":"https:\/\/api.w.org\/{rel}","templated":true}]}}