{"id":69,"date":"2023-02-27T19:24:46","date_gmt":"2023-02-27T19:24:46","guid":{"rendered":"http:\/\/www.castillomusic.es\/?page_id=69"},"modified":"2023-04-12T17:31:56","modified_gmt":"2023-04-12T17:31:56","slug":"contacto","status":"publish","type":"page","link":"https:\/\/www.castillomusic.es\/?page_id=69","title":{"rendered":"Contacto"},"content":{"rendered":"\t\t<div data-elementor-type=\"wp-page\" data-elementor-id=\"69\" class=\"elementor elementor-69\" data-elementor-post-type=\"page\">\n\t\t\t\t\t\t\t\t\t<section class=\"elementor-section elementor-top-section elementor-element elementor-element-18bd287 elementor-section-boxed elementor-section-height-default elementor-section-height-default\" data-id=\"18bd287\" data-element_type=\"section\">\n\t\t\t\t\t\t<div class=\"elementor-container elementor-column-gap-default\">\n\t\t\t\t\t<div class=\"elementor-column elementor-col-100 elementor-top-column elementor-element elementor-element-db07aa9\" data-id=\"db07aa9\" data-element_type=\"column\">\n\t\t\t<div class=\"elementor-widget-wrap elementor-element-populated\">\n\t\t\t\t\t\t\t\t<div class=\"elementor-element elementor-element-77abfac eael-contact-form-7-button-full-width elementor-widget elementor-widget-eael-contact-form-7\" data-id=\"77abfac\" data-element_type=\"widget\" data-widget_type=\"eael-contact-form-7.default\">\n\t\t\t\t<div class=\"elementor-widget-container\">\n\t\t\t<div class=\"eael-contact-form-7-wrapper\">\n                <div class=\"eael-contact-form eael-contact-form-7 eael-contact-form-77abfac placeholder-show eael-contact-form-align-center\">\n<div class=\"wpcf7 no-js\" id=\"wpcf7-f466-o1\" lang=\"es-ES\" dir=\"ltr\">\n<div class=\"screen-reader-response\"><p role=\"status\" aria-live=\"polite\" aria-atomic=\"true\"><\/p> <ul><\/ul><\/div>\n<form action=\"\/index.php?rest_route=%2Fwp%2Fv2%2Fpages%2F69#wpcf7-f466-o1\" method=\"post\" class=\"wpcf7-form init\" aria-label=\"Formulario de contacto\" novalidate=\"novalidate\" data-status=\"init\">\n<div style=\"display: none;\">\n<input type=\"hidden\" name=\"_wpcf7\" value=\"466\" \/>\n<input type=\"hidden\" name=\"_wpcf7_version\" value=\"5.8.3\" \/>\n<input type=\"hidden\" name=\"_wpcf7_locale\" value=\"es_ES\" \/>\n<input type=\"hidden\" name=\"_wpcf7_unit_tag\" value=\"wpcf7-f466-o1\" \/>\n<input type=\"hidden\" name=\"_wpcf7_container_post\" value=\"0\" \/>\n<input type=\"hidden\" name=\"_wpcf7_posted_data_hash\" value=\"\" \/>\n<\/div>\n<p><label> Tu nombre<br \/>\n<span class=\"wpcf7-form-control-wrap\" data-name=\"your-name\"><input size=\"40\" class=\"wpcf7-form-control wpcf7-text wpcf7-validates-as-required\" autocomplete=\"name\" aria-required=\"true\" aria-invalid=\"false\" value=\"\" type=\"text\" name=\"your-name\" \/><\/span> <\/label>\n<\/p>\n<p><label> Tu correo electr\u00f3nico<br \/>\n<span class=\"wpcf7-form-control-wrap\" data-name=\"your-email\"><input size=\"40\" class=\"wpcf7-form-control wpcf7-email wpcf7-validates-as-required wpcf7-text wpcf7-validates-as-email\" autocomplete=\"email\" aria-required=\"true\" aria-invalid=\"false\" value=\"\" type=\"email\" name=\"your-email\" \/><\/span> <\/label>\n<\/p>\n<p><label> Tu mensaje (opcional)<br \/>\n<span class=\"wpcf7-form-control-wrap\" data-name=\"your-message\"><textarea cols=\"40\" rows=\"10\" class=\"wpcf7-form-control wpcf7-textarea\" aria-invalid=\"false\" name=\"your-message\"><\/textarea><\/span> <\/label>\n<\/p>\n<p><label> <span class=\"wpcf7-form-control-wrap\" data-name=\"texto\"><textarea cols=\"40\" rows=\"10\" class=\"wpcf7-form-control wpcf7-textarea\" aria-invalid=\"false\" placeholder=\"De conformidad con lo dispuesto en el Reglamento (UE) 2016\/679, de 27 de abril (GDPR), y la Ley Org\u00e1nica 3\/2018, de 5 de diciembre (LOPDGDD), le facilitamos la siguiente informaci\u00f3n del tratamiento. El responsable de los datos que nos facilite ser\u00e1 Sergio P\u00e9rez Castillo, con domicilio en calle Palma de Mallorca, 3. 10\u00baD. 35016 \u2013 Las Palmas de Gran Canaria. El fin del tratamiento es facilitarle la informaci\u00f3n solicitada o mantener una relaci\u00f3n comercial. Normalmente, la base jur\u00eddica que legitima este tratamiento ser\u00e1 su consentimiento, el inter\u00e9s leg\u00edtimo o la necesidad de gestionar una relaci\u00f3n contractual o comercial. Le asisten los derechos de acceso, rectificaci\u00f3n, portabilidad, supresi\u00f3n, limitaci\u00f3n y oposici\u00f3n. M\u00e1s informaci\u00f3n en nuestra Pol\u00edtica de Privacidad.\" name=\"texto\"><\/textarea><\/span> <\/label>\n<\/p>\n<p><label> <span class=\"wpcf7-form-control-wrap\" data-name=\"Privacidad\"><span class=\"wpcf7-form-control wpcf7-acceptance\"><span class=\"wpcf7-list-item\"><label><input type=\"checkbox\" name=\"Privacidad\" value=\"1\" aria-invalid=\"false\" \/><span class=\"wpcf7-list-item-label\">\"He le\u00eddo y acepto el <a href=\"https:\/\/www.castillomusic.es\/?page_id=65\">Aviso Legal<\/a> y la <a href=\"https:\/\/www.castillomusic.es\/?page_id=437\">Pol\u00edtica de Privacidad<\/a>\"<\/span><\/label><\/span><\/span><\/span><\/label>\n<\/p>\n<p><input class=\"wpcf7-form-control wpcf7-submit has-spinner\" type=\"submit\" value=\"Enviar\" \/>\n<\/p><div class=\"wpcf7-response-output\" aria-hidden=\"true\"><\/div>\n<\/form>\n<\/div>\n<\/div>\n            <\/div>\t\t<\/div>\n\t\t\t\t<\/div>\n\t\t\t\t\t<\/div>\n\t\t<\/div>\n\t\t\t\t\t\t\t<\/div>\n\t\t<\/section>\n\t\t\t\t\t\t\t<\/div>\n\t\t","protected":false},"excerpt":{"rendered":"<p>Tu nombre Tu correo electr\u00f3nico Tu mensaje (opcional) &#8220;He le\u00eddo y acepto el Aviso Legal y la Pol\u00edtica de Privacidad&#8220;<\/p>\n","protected":false},"author":1,"featured_media":0,"parent":0,"menu_order":0,"comment_status":"closed","ping_status":"closed","template":"","meta":{"footnotes":""},"class_list":["post-69","page","type-page","status-publish","hentry"],"yoast_head":"<!-- This site is optimized with the Yoast SEO plugin v21.5 - https:\/\/yoast.com\/wordpress\/plugins\/seo\/ -->\n<title>Castillo Music<\/title>\n<meta name=\"robots\" content=\"noindex, nofollow\" \/>\n<meta property=\"og:locale\" content=\"es_ES\" \/>\n<meta property=\"og:type\" content=\"article\" \/>\n<meta property=\"og:title\" content=\"Castillo Music\" \/>\n<meta property=\"og:description\" content=\"Tu nombre Tu correo electr\u00f3nico Tu mensaje (opcional) &#8220;He le\u00eddo y acepto el Aviso Legal y la Pol\u00edtica de Privacidad&#8220;\" \/>\n<meta property=\"og:url\" content=\"https:\/\/www.castillomusic.es\/?page_id=69\" \/>\n<meta property=\"og:site_name\" content=\"Castillo Music\" \/>\n<meta property=\"article:publisher\" content=\"https:\/\/www.facebook.com\/profile.php?id=100090715145355\" \/>\n<meta property=\"article:modified_time\" content=\"2023-04-12T17:31:56+00:00\" \/>\n<meta property=\"og:image\" content=\"https:\/\/www.castillomusic.es\/wp-content\/uploads\/2023\/02\/Logo.jpg\" \/>\n\t<meta property=\"og:image:width\" content=\"1600\" \/>\n\t<meta property=\"og:image:height\" content=\"720\" \/>\n\t<meta property=\"og:image:type\" content=\"image\/jpeg\" \/>\n<script type=\"application\/ld+json\" class=\"yoast-schema-graph\">{\"@context\":\"https:\/\/schema.org\",\"@graph\":[{\"@type\":\"WebPage\",\"@id\":\"https:\/\/www.castillomusic.es\/?page_id=69\",\"url\":\"https:\/\/www.castillomusic.es\/?page_id=69\",\"name\":\"Castillo Music\",\"isPartOf\":{\"@id\":\"https:\/\/www.castillomusic.es\/#website\"},\"datePublished\":\"2023-02-27T19:24:46+00:00\",\"dateModified\":\"2023-04-12T17:31:56+00:00\",\"inLanguage\":\"es\",\"potentialAction\":[{\"@type\":\"ReadAction\",\"target\":[\"https:\/\/www.castillomusic.es\/?page_id=69\"]}]},{\"@type\":\"WebSite\",\"@id\":\"https:\/\/www.castillomusic.es\/#website\",\"url\":\"https:\/\/www.castillomusic.es\/\",\"name\":\"Castillo Music\",\"description\":\"Servicios musicales a medida.\",\"publisher\":{\"@id\":\"https:\/\/www.castillomusic.es\/#organization\"},\"potentialAction\":[{\"@type\":\"SearchAction\",\"target\":{\"@type\":\"EntryPoint\",\"urlTemplate\":\"https:\/\/www.castillomusic.es\/?s={search_term_string}\"},\"query-input\":\"required name=search_term_string\"}],\"inLanguage\":\"es\"},{\"@type\":\"Organization\",\"@id\":\"https:\/\/www.castillomusic.es\/#organization\",\"name\":\"Castillo Music\",\"url\":\"https:\/\/www.castillomusic.es\/\",\"logo\":{\"@type\":\"ImageObject\",\"inLanguage\":\"es\",\"@id\":\"https:\/\/www.castillomusic.es\/#\/schema\/logo\/image\/\",\"url\":\"https:\/\/www.castillomusic.es\/wp-content\/uploads\/2023\/02\/CASTILLO-Logo-2-scaled.jpg\",\"contentUrl\":\"https:\/\/www.castillomusic.es\/wp-content\/uploads\/2023\/02\/CASTILLO-Logo-2-scaled.jpg\",\"width\":2560,\"height\":2560,\"caption\":\"Castillo Music\"},\"image\":{\"@id\":\"https:\/\/www.castillomusic.es\/#\/schema\/logo\/image\/\"},\"sameAs\":[\"https:\/\/www.facebook.com\/profile.php?id=100090715145355\"]}]}<\/script>\n<!-- \/ Yoast SEO plugin. -->","yoast_head_json":{"title":"Castillo Music","robots":{"index":"noindex","follow":"nofollow"},"og_locale":"es_ES","og_type":"article","og_title":"Castillo Music","og_description":"Tu nombre Tu correo electr\u00f3nico Tu mensaje (opcional) &#8220;He le\u00eddo y acepto el Aviso Legal y la Pol\u00edtica de Privacidad&#8220;","og_url":"https:\/\/www.castillomusic.es\/?page_id=69","og_site_name":"Castillo Music","article_publisher":"https:\/\/www.facebook.com\/profile.php?id=100090715145355","article_modified_time":"2023-04-12T17:31:56+00:00","og_image":[{"width":1600,"height":720,"url":"https:\/\/www.castillomusic.es\/wp-content\/uploads\/2023\/02\/Logo.jpg","type":"image\/jpeg"}],"schema":{"@context":"https:\/\/schema.org","@graph":[{"@type":"WebPage","@id":"https:\/\/www.castillomusic.es\/?page_id=69","url":"https:\/\/www.castillomusic.es\/?page_id=69","name":"Castillo Music","isPartOf":{"@id":"https:\/\/www.castillomusic.es\/#website"},"datePublished":"2023-02-27T19:24:46+00:00","dateModified":"2023-04-12T17:31:56+00:00","inLanguage":"es","potentialAction":[{"@type":"ReadAction","target":["https:\/\/www.castillomusic.es\/?page_id=69"]}]},{"@type":"WebSite","@id":"https:\/\/www.castillomusic.es\/#website","url":"https:\/\/www.castillomusic.es\/","name":"Castillo Music","description":"Servicios musicales a medida.","publisher":{"@id":"https:\/\/www.castillomusic.es\/#organization"},"potentialAction":[{"@type":"SearchAction","target":{"@type":"EntryPoint","urlTemplate":"https:\/\/www.castillomusic.es\/?s={search_term_string}"},"query-input":"required name=search_term_string"}],"inLanguage":"es"},{"@type":"Organization","@id":"https:\/\/www.castillomusic.es\/#organization","name":"Castillo Music","url":"https:\/\/www.castillomusic.es\/","logo":{"@type":"ImageObject","inLanguage":"es","@id":"https:\/\/www.castillomusic.es\/#\/schema\/logo\/image\/","url":"https:\/\/www.castillomusic.es\/wp-content\/uploads\/2023\/02\/CASTILLO-Logo-2-scaled.jpg","contentUrl":"https:\/\/www.castillomusic.es\/wp-content\/uploads\/2023\/02\/CASTILLO-Logo-2-scaled.jpg","width":2560,"height":2560,"caption":"Castillo Music"},"image":{"@id":"https:\/\/www.castillomusic.es\/#\/schema\/logo\/image\/"},"sameAs":["https:\/\/www.facebook.com\/profile.php?id=100090715145355"]}]}},"_links":{"self":[{"href":"https:\/\/www.castillomusic.es\/index.php?rest_route=\/wp\/v2\/pages\/69","targetHints":{"allow":["GET"]}}],"collection":[{"href":"https:\/\/www.castillomusic.es\/index.php?rest_route=\/wp\/v2\/pages"}],"about":[{"href":"https:\/\/www.castillomusic.es\/index.php?rest_route=\/wp\/v2\/types\/page"}],"author":[{"embeddable":true,"href":"https:\/\/www.castillomusic.es\/index.php?rest_route=\/wp\/v2\/users\/1"}],"replies":[{"embeddable":true,"href":"https:\/\/www.castillomusic.es\/index.php?rest_route=%2Fwp%2Fv2%2Fcomments&post=69"}],"version-history":[{"count":19,"href":"https:\/\/www.castillomusic.es\/index.php?rest_route=\/wp\/v2\/pages\/69\/revisions"}],"predecessor-version":[{"id":476,"href":"https:\/\/www.castillomusic.es\/index.php?rest_route=\/wp\/v2\/pages\/69\/revisions\/476"}],"wp:attachment":[{"href":"https:\/\/www.castillomusic.es\/index.php?rest_route=%2Fwp%2Fv2%2Fmedia&parent=69"}],"curies":[{"name":"wp","href":"https:\/\/api.w.org\/{rel}","templated":true}]}}